{"id":3112,"date":"2020-10-01T03:44:38","date_gmt":"2020-10-01T03:44:38","guid":{"rendered":"http:\/\/localhost:8888\/webio\/?page_id=3112"},"modified":"2026-02-28T11:43:11","modified_gmt":"2026-02-28T10:43:11","slug":"health-insurance","status":"publish","type":"page","link":"https:\/\/vesta-ubezpieczenia.pl\/?page_id=3112","title":{"rendered":"Opieka medyczna"},"content":{"rendered":"\t\t<div data-elementor-type=\"wp-page\" data-elementor-id=\"3112\" class=\"elementor elementor-3112\">\n\t\t\t\t\t\t<section class=\"elementor-section elementor-top-section elementor-element elementor-element-115f3d78 elementor-section-boxed elementor-section-height-default elementor-section-height-default\" data-id=\"115f3d78\" data-element_type=\"section\" data-settings=\"{&quot;background_background&quot;:&quot;classic&quot;}\">\n\t\t\t\t\t\t\t<div class=\"elementor-background-overlay\"><\/div>\n\t\t\t\t\t\t\t<div class=\"elementor-container elementor-column-gap-no\">\n\t\t\t\t\t<div class=\"elementor-column elementor-col-50 elementor-top-column elementor-element elementor-element-788896a1\" data-id=\"788896a1\" data-element_type=\"column\">\n\t\t\t<div class=\"elementor-widget-wrap elementor-element-populated\">\n\t\t\t\t\t\t<div class=\"elementor-element elementor-element-46fe4683 elementor-widget__width-auto elementor-widget elementor-widget-text-editor\" data-id=\"46fe4683\" data-element_type=\"widget\" data-widget_type=\"text-editor.default\">\n\t\t\t\t\t\t\t\t\t<p>Opieka medyczna<\/p>\t\t\t\t\t\t\t\t<\/div>\n\t\t\t\t<div class=\"elementor-element elementor-element-22e4595c elementor-widget elementor-widget-heading\" data-id=\"22e4595c\" data-element_type=\"widget\" data-widget_type=\"heading.default\">\n\t\t\t\t\t<h1 class=\"elementor-heading-title elementor-size-default\">Pakiety zdrowotne dla ka\u017cdego<br>\u2013 w zale\u017cno\u015bci od potrzeb<\/h1>\t\t\t\t<\/div>\n\t\t\t\t<div class=\"elementor-element elementor-element-65054910 elementor-align-center elementor-widget__width-auto elementor-widget-icon-box stl-icon-box elementor-widget elementor-widget-stl-button\" data-id=\"65054910\" data-element_type=\"widget\" data-widget_type=\"stl-button.default\">\n\t\t\t\t<div class=\"elementor-widget-container\">\n\t\t\t\t\t\t\t<div class=\"elementor-button-wrapper elementor-button-icon\">\n\t\t\t<a href=\"#get-started\" class=\"elementor-button-link stl-button elementor-button button-size-lg\" role=\"button\">\t\t\t\t<div class=\"button-content-wrapper elementor-align-icon-right\">\n\t\t\t\t\t<div class=\"elementor-button-wrapper elementor-button-icon stl-widget_wrapper elementor-icon-box-icon\"><div class=\"stl-widget_container\"><span class=\"stl-icon elementor-icon\" ><i class=\"icon fa fa-arrow-circle-right\"><\/i><\/span><\/div><\/div>\t\t\t\t\t<span class=\"elementor-button-text\">Wi\u0119cej<\/span>\n\t\t\t\t<\/div>\n\t\t\t\t<\/a>\n\t\t<\/div>\n\t\t\t\t\t\t<\/div>\n\t\t\t\t<\/div>\n\t\t\t\t<div class=\"elementor-element elementor-element-78c9485b elementor-align-center elementor-widget__width-auto elementor-widget elementor-widget-stl-button\" data-id=\"78c9485b\" data-element_type=\"widget\" data-widget_type=\"stl-button.default\">\n\t\t\t\t<div class=\"elementor-widget-container\">\n\t\t\t\t\t\t\t<div class=\"elementor-button-wrapper elementor-button-icon\">\n\t\t\t<a href=\"https:\/\/vesta-ubezpieczenia.pl\/?page_id=2944\" class=\"elementor-button-link stl-button elementor-button button-size-lg\" role=\"button\">\t\t\t\t<div class=\"button-content-wrapper \">\n\t\t\t\t\t\t\t\t\t\t<span class=\"elementor-button-text\">Kontakt<\/span>\n\t\t\t\t<\/div>\n\t\t\t\t<\/a>\n\t\t<\/div>\n\t\t\t\t\t\t<\/div>\n\t\t\t\t<\/div>\n\t\t\t\t\t<\/div>\n\t\t<\/div>\n\t\t\t\t<div class=\"elementor-column elementor-col-50 elementor-top-column elementor-element elementor-element-67ffe5db\" data-id=\"67ffe5db\" data-element_type=\"column\">\n\t\t\t<div class=\"elementor-widget-wrap\">\n\t\t\t\t\t\t\t<\/div>\n\t\t<\/div>\n\t\t\t\t\t<\/div>\n\t\t<\/section>\n\t\t\t\t<section class=\"elementor-section elementor-top-section elementor-element elementor-element-2da2c7a elementor-section-full_width elementor-section-height-default elementor-section-height-default\" data-id=\"2da2c7a\" data-element_type=\"section\">\n\t\t\t\t\t\t<div class=\"elementor-container elementor-column-gap-no\">\n\t\t\t\t\t<div class=\"elementor-column elementor-col-100 elementor-top-column elementor-element elementor-element-436abfd\" data-id=\"436abfd\" data-element_type=\"column\">\n\t\t\t<div class=\"elementor-widget-wrap elementor-element-populated\">\n\t\t\t\t\t\t<div class=\"elementor-element elementor-element-8702f9d elementor-widget elementor-widget-stl-clients\" data-id=\"8702f9d\" data-element_type=\"widget\" data-widget_type=\"stl-clients.default\">\n\t\t\t\t<div class=\"elementor-widget-container\">\n\t\t\t\t\t<div class=\"stl-clients clearfix anim-ex_images_bg items-6\" data-carousel=\"yes\"><div class=\"stl-carousel_wrapper\"><div id=assurena_carousel_69e37d1262f2e class=\"stl-carousel pag_align_\"><div class=\"stl-carousel_slick\" data-slick='{\"slidesToShow\":6,\"slidesToScroll\":6,\"infinite\":true,\"variableWidth\":false,\"autoplay\":true,\"autoplaySpeed\":\"3000\",\"speed\":300,\"arrows\":false,\"dots\":false,\"adaptiveHeight\":false,\"responsive\":[{\"breakpoint\":1140,\"settings\":{\"slidesToShow\":4,\"slidesToScroll\":4}},{\"breakpoint\":1025,\"settings\":{\"slidesToShow\":4,\"slidesToScroll\":4}},{\"breakpoint\":768,\"settings\":{\"slidesToShow\":3,\"slidesToScroll\":3}}]}'><div class=\"clients_image\"><a class=\"image_link image_wrapper\" href=\"#\" target=\"_self\" rel=\"\"><img decoding=\"async\" class=\"main_image\" src=\"https:\/\/vesta-ubezpieczenia.pl\/wp-content\/uploads\/2026\/02\/compensa.png\" alt=\"compensa\" \/><\/a><\/div> <div class=\"clients_image\"><a class=\"image_link image_wrapper\" href=\"#\" target=\"_self\" rel=\"\"><img decoding=\"async\" class=\"main_image\" src=\"https:\/\/vesta-ubezpieczenia.pl\/wp-content\/uploads\/2026\/02\/generali.png\" alt=\"generali\" \/><\/a><\/div> <div class=\"clients_image\"><a class=\"image_link image_wrapper\" href=\"#\" target=\"_self\" rel=\"\"><img decoding=\"async\" class=\"main_image\" src=\"https:\/\/vesta-ubezpieczenia.pl\/wp-content\/uploads\/2026\/02\/interrisk-2.png\" alt=\"interrisk-2\" \/><\/a><\/div> <div class=\"clients_image\"><a class=\"image_link image_wrapper\" href=\"#\" target=\"_self\" rel=\"\"><img decoding=\"async\" class=\"main_image\" src=\"https:\/\/vesta-ubezpieczenia.pl\/wp-content\/uploads\/2026\/02\/ergo-Hestia.png\" alt=\"ergo Hestia\" \/><\/a><\/div> <div class=\"clients_image\"><a class=\"image_link image_wrapper\" href=\"#\" target=\"_self\" rel=\"\"><img decoding=\"async\" class=\"main_image\" src=\"https:\/\/vesta-ubezpieczenia.pl\/wp-content\/uploads\/2026\/02\/pzu-.png\" alt=\"pzu\" \/><\/a><\/div> <div class=\"clients_image\"><a class=\"image_link image_wrapper\" href=\"#\" target=\"_self\" rel=\"\"><img decoding=\"async\" class=\"main_image\" src=\"https:\/\/vesta-ubezpieczenia.pl\/wp-content\/uploads\/2026\/02\/warta.png\" alt=\"warta\" \/><\/a><\/div> <\/div><\/div><\/div><\/div>\t\t\t\t<\/div>\n\t\t\t\t<\/div>\n\t\t\t\t\t<\/div>\n\t\t<\/div>\n\t\t\t\t\t<\/div>\n\t\t<\/section>\n\t\t\t\t<section class=\"elementor-section elementor-top-section elementor-element elementor-element-4d3f24b4 elementor-section-content-middle elementor-section-boxed elementor-section-height-default elementor-section-height-default\" data-id=\"4d3f24b4\" data-element_type=\"section\" id=\"get-started\">\n\t\t\t\t\t\t<div class=\"elementor-container elementor-column-gap-wider\">\n\t\t\t\t\t<div class=\"elementor-column elementor-col-50 elementor-top-column elementor-element elementor-element-43e6979d\" data-id=\"43e6979d\" data-element_type=\"column\">\n\t\t\t<div class=\"elementor-widget-wrap elementor-element-populated\">\n\t\t\t\t\t\t<div class=\"elementor-element elementor-element-366742ca elementor-widget elementor-widget-image\" data-id=\"366742ca\" data-element_type=\"widget\" data-widget_type=\"image.default\">\n\t\t\t\t\t\t\t\t\t\t\t\t\t\t\t<img fetchpriority=\"high\" decoding=\"async\" width=\"1200\" height=\"975\" src=\"https:\/\/vesta-ubezpieczenia.pl\/wp-content\/uploads\/2020\/10\/health-page-1-5.jpg\" class=\"attachment-full size-full wp-image-3141\" alt=\"\" srcset=\"https:\/\/vesta-ubezpieczenia.pl\/wp-content\/uploads\/2020\/10\/health-page-1-5.jpg 1200w, https:\/\/vesta-ubezpieczenia.pl\/wp-content\/uploads\/2020\/10\/health-page-1-5-1080x878.jpg 1080w, https:\/\/vesta-ubezpieczenia.pl\/wp-content\/uploads\/2020\/10\/health-page-1-5-300x244.jpg 300w, https:\/\/vesta-ubezpieczenia.pl\/wp-content\/uploads\/2020\/10\/health-page-1-5-1024x832.jpg 1024w, https:\/\/vesta-ubezpieczenia.pl\/wp-content\/uploads\/2020\/10\/health-page-1-5-768x624.jpg 768w\" sizes=\"(max-width: 1200px) 100vw, 1200px\" \/>\t\t\t\t\t\t\t\t\t\t\t\t\t\t\t<\/div>\n\t\t\t\t\t<\/div>\n\t\t<\/div>\n\t\t\t\t<div class=\"elementor-column elementor-col-50 elementor-top-column elementor-element elementor-element-20251299\" data-id=\"20251299\" data-element_type=\"column\">\n\t\t\t<div class=\"elementor-widget-wrap elementor-element-populated\">\n\t\t\t\t\t\t<div class=\"elementor-element elementor-element-361cf6ab elementor-widget elementor-widget-heading\" data-id=\"361cf6ab\" data-element_type=\"widget\" data-widget_type=\"heading.default\">\n\t\t\t\t\t<h6 class=\"elementor-heading-title elementor-size-default\">Poznaj pakiety medyczne<\/h6>\t\t\t\t<\/div>\n\t\t\t\t<div class=\"elementor-element elementor-element-4eb35da9 elementor-widget elementor-widget-heading\" data-id=\"4eb35da9\" data-element_type=\"widget\" data-widget_type=\"heading.default\">\n\t\t\t\t\t<h2 class=\"elementor-heading-title elementor-size-default\">Prywatna opieka medyczna <span class=\"theme-primary-color\">dla ka\u017cdego<\/span><\/h2>\t\t\t\t<\/div>\n\t\t\t\t<div class=\"elementor-element elementor-element-58f667ac elementor-widget elementor-widget-text-editor\" data-id=\"58f667ac\" data-element_type=\"widget\" data-widget_type=\"text-editor.default\">\n\t\t\t\t\t\t\t\t\t<p>Prywatna opieka medyczna to komfort, oszcz\u0119dno\u015b\u0107 czasu i poczucie bezpiecze\u0144stwa na co dzie\u0144. Pomagamy wybra\u0107 pakiety medyczne, kt\u00f3re gwarantuj\u0105 szybki dost\u0119p do specjalist\u00f3w, nowoczesn\u0105 diagnostyk\u0119 oraz szeroki zakres us\u0142ug ambulatoryjnych.<\/p><p>W zale\u017cno\u015bci od potrzeb oferujemy:<\/p><ol><li>pakiety indywidualne i rodzinne,<\/li><li>opiek\u0119 medyczn\u0105 dla firm i pracownik\u00f3w,<\/li><li>elastyczne rozwi\u0105zania dopasowane do stylu \u017cycia i bud\u017cetu.<\/li><\/ol><p>Dbamy o to, aby opieka medyczna by\u0142a realnym wsparciem, a nie tylko dodatkiem do polisy.<\/p>\t\t\t\t\t\t\t\t<\/div>\n\t\t\t\t<div class=\"elementor-element elementor-element-71a49819 elementor-position-left elementor-widget-icon-box stl-icon-box elementor-view-default aleft elementor-widget elementor-widget-stl-info-box\" data-id=\"71a49819\" data-element_type=\"widget\" data-widget_type=\"stl-info-box.default\">\n\t\t\t\t<div class=\"elementor-widget-container\">\n\t\t\t\t\t<div class=\"stl-infobox\"><div class=\"stl-infobox_wrapper elementor-icon-box-wrapper\"><div class=\"stl-infobox-icon_wrapper elementor-icon-box-icon\"><div class=\"stl-infobox-icon_container\"><span class=\"stl-icon elementor-icon elementor-animation-\" ><i class=\"icon fa fa-phone-square\"><\/i><\/span><\/div><\/div><div class=\"stl-infobox-content_wrapper elementor-icon-box-content\"><div class=\"stl-infobox-title_wrapper\"><h3 class=\"stl-infobox_title\">Zadzwo\u0144: 797 032 622<\/h3><\/div><\/div><\/div><\/div>\t\t\t\t<\/div>\n\t\t\t\t<\/div>\n\t\t\t\t\t<\/div>\n\t\t<\/div>\n\t\t\t\t\t<\/div>\n\t\t<\/section>\n\t\t\t\t<\/div>\n\t\t","protected":false},"excerpt":{"rendered":"<p>Opieka medyczna Pakiety zdrowotne dla ka\u017cdego\u2013 w zale\u017cno\u015bci od potrzeb Wi\u0119cej Kontakt Poznaj pakiety medyczne Prywatna opieka medyczna dla ka\u017cdego Prywatna opieka medyczna to komfort, oszcz\u0119dno\u015b\u0107 czasu i poczucie bezpiecze\u0144stwa na co dzie\u0144. Pomagamy wybra\u0107 pakiety medyczne, kt\u00f3re gwarantuj\u0105 szybki dost\u0119p do specjalist\u00f3w, nowoczesn\u0105 diagnostyk\u0119 oraz szeroki zakres us\u0142ug ambulatoryjnych. W zale\u017cno\u015bci od potrzeb oferujemy: [&hellip;]<\/p>\n","protected":false},"author":1,"featured_media":0,"parent":0,"menu_order":0,"comment_status":"closed","ping_status":"closed","template":"","meta":{"_monsterinsights_skip_tracking":false,"_monsterinsights_sitenote_active":false,"_monsterinsights_sitenote_note":"","_monsterinsights_sitenote_category":0,"footnotes":""},"class_list":["post-3112","page","type-page","status-publish","hentry"],"aioseo_notices":[],"_links":{"self":[{"href":"https:\/\/vesta-ubezpieczenia.pl\/index.php?rest_route=\/wp\/v2\/pages\/3112","targetHints":{"allow":["GET"]}}],"collection":[{"href":"https:\/\/vesta-ubezpieczenia.pl\/index.php?rest_route=\/wp\/v2\/pages"}],"about":[{"href":"https:\/\/vesta-ubezpieczenia.pl\/index.php?rest_route=\/wp\/v2\/types\/page"}],"author":[{"embeddable":true,"href":"https:\/\/vesta-ubezpieczenia.pl\/index.php?rest_route=\/wp\/v2\/users\/1"}],"replies":[{"embeddable":true,"href":"https:\/\/vesta-ubezpieczenia.pl\/index.php?rest_route=%2Fwp%2Fv2%2Fcomments&post=3112"}],"version-history":[{"count":22,"href":"https:\/\/vesta-ubezpieczenia.pl\/index.php?rest_route=\/wp\/v2\/pages\/3112\/revisions"}],"predecessor-version":[{"id":5928,"href":"https:\/\/vesta-ubezpieczenia.pl\/index.php?rest_route=\/wp\/v2\/pages\/3112\/revisions\/5928"}],"wp:attachment":[{"href":"https:\/\/vesta-ubezpieczenia.pl\/index.php?rest_route=%2Fwp%2Fv2%2Fmedia&parent=3112"}],"curies":[{"name":"wp","href":"https:\/\/api.w.org\/{rel}","templated":true}]}}