{"id":3114,"date":"2020-10-01T03:45:06","date_gmt":"2020-10-01T03:45:06","guid":{"rendered":"http:\/\/localhost:8888\/webio\/?page_id=3114"},"modified":"2026-02-28T11:41:28","modified_gmt":"2026-02-28T10:41:28","slug":"life-insurance","status":"publish","type":"page","link":"https:\/\/vesta-ubezpieczenia.pl\/?page_id=3114","title":{"rendered":"\u017bycie i zdrowie"},"content":{"rendered":"\t\t<div data-elementor-type=\"wp-page\" data-elementor-id=\"3114\" class=\"elementor elementor-3114\">\n\t\t\t\t\t\t<section class=\"elementor-section elementor-top-section elementor-element elementor-element-397ced94 elementor-section-boxed elementor-section-height-default elementor-section-height-default\" data-id=\"397ced94\" data-element_type=\"section\" data-settings=\"{&quot;background_background&quot;:&quot;classic&quot;}\">\n\t\t\t\t\t\t\t<div class=\"elementor-background-overlay\"><\/div>\n\t\t\t\t\t\t\t<div class=\"elementor-container elementor-column-gap-no\">\n\t\t\t\t\t<div class=\"elementor-column elementor-col-50 elementor-top-column elementor-element elementor-element-5c54c5f5\" data-id=\"5c54c5f5\" data-element_type=\"column\">\n\t\t\t<div class=\"elementor-widget-wrap elementor-element-populated\">\n\t\t\t\t\t\t<div class=\"elementor-element elementor-element-64788ebc elementor-widget__width-auto elementor-widget elementor-widget-text-editor\" data-id=\"64788ebc\" data-element_type=\"widget\" data-widget_type=\"text-editor.default\">\n\t\t\t\t\t\t\t\t\t<p>\u017bycie i zdrowie<\/p>\t\t\t\t\t\t\t\t<\/div>\n\t\t\t\t<div class=\"elementor-element elementor-element-7aa1201a elementor-widget elementor-widget-heading\" data-id=\"7aa1201a\" data-element_type=\"widget\" data-widget_type=\"heading.default\">\n\t\t\t\t\t<h1 class=\"elementor-heading-title elementor-size-default\">Kompleksowa ochrona, kt\u00f3ra zapewnia bezpiecze\u0144stwo<\/h1>\t\t\t\t<\/div>\n\t\t\t\t<div class=\"elementor-element elementor-element-f440d1b elementor-align-center elementor-widget__width-auto elementor-widget-icon-box stl-icon-box elementor-widget elementor-widget-stl-button\" data-id=\"f440d1b\" data-element_type=\"widget\" data-widget_type=\"stl-button.default\">\n\t\t\t\t<div class=\"elementor-widget-container\">\n\t\t\t\t\t\t\t<div class=\"elementor-button-wrapper elementor-button-icon\">\n\t\t\t<a href=\"#get-started\" class=\"elementor-button-link stl-button elementor-button button-size-lg\" role=\"button\">\t\t\t\t<div class=\"button-content-wrapper elementor-align-icon-right\">\n\t\t\t\t\t<div class=\"elementor-button-wrapper elementor-button-icon stl-widget_wrapper elementor-icon-box-icon\"><div class=\"stl-widget_container\"><span class=\"stl-icon elementor-icon\" ><i class=\"icon fa fa-arrow-circle-right\"><\/i><\/span><\/div><\/div>\t\t\t\t\t<span class=\"elementor-button-text\">Wi\u0119cej<\/span>\n\t\t\t\t<\/div>\n\t\t\t\t<\/a>\n\t\t<\/div>\n\t\t\t\t\t\t<\/div>\n\t\t\t\t<\/div>\n\t\t\t\t<div class=\"elementor-element elementor-element-2625cae8 elementor-align-center elementor-widget__width-auto elementor-widget elementor-widget-stl-button\" data-id=\"2625cae8\" data-element_type=\"widget\" data-widget_type=\"stl-button.default\">\n\t\t\t\t<div class=\"elementor-widget-container\">\n\t\t\t\t\t\t\t<div class=\"elementor-button-wrapper elementor-button-icon\">\n\t\t\t<a href=\"https:\/\/vesta-ubezpieczenia.pl\/?page_id=2944\" class=\"elementor-button-link stl-button elementor-button button-size-lg\" role=\"button\">\t\t\t\t<div class=\"button-content-wrapper \">\n\t\t\t\t\t\t\t\t\t\t<span class=\"elementor-button-text\">Kontakt<\/span>\n\t\t\t\t<\/div>\n\t\t\t\t<\/a>\n\t\t<\/div>\n\t\t\t\t\t\t<\/div>\n\t\t\t\t<\/div>\n\t\t\t\t\t<\/div>\n\t\t<\/div>\n\t\t\t\t<div class=\"elementor-column elementor-col-50 elementor-top-column elementor-element elementor-element-5b972218\" data-id=\"5b972218\" data-element_type=\"column\">\n\t\t\t<div class=\"elementor-widget-wrap\">\n\t\t\t\t\t\t\t<\/div>\n\t\t<\/div>\n\t\t\t\t\t<\/div>\n\t\t<\/section>\n\t\t\t\t<section class=\"elementor-section elementor-top-section elementor-element elementor-element-db99f96 elementor-section-full_width elementor-section-height-default elementor-section-height-default\" data-id=\"db99f96\" data-element_type=\"section\">\n\t\t\t\t\t\t<div class=\"elementor-container elementor-column-gap-no\">\n\t\t\t\t\t<div class=\"elementor-column elementor-col-100 elementor-top-column elementor-element elementor-element-7e1ec0c\" data-id=\"7e1ec0c\" data-element_type=\"column\">\n\t\t\t<div class=\"elementor-widget-wrap elementor-element-populated\">\n\t\t\t\t\t\t<div class=\"elementor-element elementor-element-f90e28b elementor-widget elementor-widget-stl-clients\" data-id=\"f90e28b\" data-element_type=\"widget\" data-widget_type=\"stl-clients.default\">\n\t\t\t\t<div class=\"elementor-widget-container\">\n\t\t\t\t\t<div class=\"stl-clients clearfix anim-ex_images_bg items-6\" data-carousel=\"yes\"><div class=\"stl-carousel_wrapper\"><div id=assurena_carousel_69e37cf132848 class=\"stl-carousel pag_align_\"><div class=\"stl-carousel_slick\" data-slick='{\"slidesToShow\":6,\"slidesToScroll\":6,\"infinite\":true,\"variableWidth\":false,\"autoplay\":true,\"autoplaySpeed\":\"3000\",\"speed\":300,\"arrows\":false,\"dots\":false,\"adaptiveHeight\":false,\"responsive\":[{\"breakpoint\":1140,\"settings\":{\"slidesToShow\":4,\"slidesToScroll\":4}},{\"breakpoint\":1025,\"settings\":{\"slidesToShow\":4,\"slidesToScroll\":4}},{\"breakpoint\":768,\"settings\":{\"slidesToShow\":3,\"slidesToScroll\":3}}]}'><div class=\"clients_image\"><a class=\"image_link image_wrapper\" href=\"#\" target=\"_self\" rel=\"\"><img decoding=\"async\" class=\"main_image\" src=\"https:\/\/vesta-ubezpieczenia.pl\/wp-content\/uploads\/2026\/02\/compensa.png\" alt=\"compensa\" \/><\/a><\/div> <div class=\"clients_image\"><a class=\"image_link image_wrapper\" href=\"#\" target=\"_self\" rel=\"\"><img decoding=\"async\" class=\"main_image\" src=\"https:\/\/vesta-ubezpieczenia.pl\/wp-content\/uploads\/2026\/02\/generali.png\" alt=\"generali\" \/><\/a><\/div> <div class=\"clients_image\"><a class=\"image_link image_wrapper\" href=\"#\" target=\"_self\" rel=\"\"><img decoding=\"async\" class=\"main_image\" src=\"https:\/\/vesta-ubezpieczenia.pl\/wp-content\/uploads\/2026\/02\/interrisk-2.png\" alt=\"interrisk-2\" \/><\/a><\/div> <div class=\"clients_image\"><a class=\"image_link image_wrapper\" href=\"#\" target=\"_self\" rel=\"\"><img decoding=\"async\" class=\"main_image\" src=\"https:\/\/vesta-ubezpieczenia.pl\/wp-content\/uploads\/2026\/02\/ergo-Hestia.png\" alt=\"ergo Hestia\" \/><\/a><\/div> <div class=\"clients_image\"><a class=\"image_link image_wrapper\" href=\"#\" target=\"_self\" rel=\"\"><img decoding=\"async\" class=\"main_image\" src=\"https:\/\/vesta-ubezpieczenia.pl\/wp-content\/uploads\/2026\/02\/pzu-.png\" alt=\"pzu\" \/><\/a><\/div> <div class=\"clients_image\"><a class=\"image_link image_wrapper\" href=\"#\" target=\"_self\" rel=\"\"><img decoding=\"async\" class=\"main_image\" src=\"https:\/\/vesta-ubezpieczenia.pl\/wp-content\/uploads\/2026\/02\/warta.png\" alt=\"warta\" \/><\/a><\/div> <\/div><\/div><\/div><\/div>\t\t\t\t<\/div>\n\t\t\t\t<\/div>\n\t\t\t\t\t<\/div>\n\t\t<\/div>\n\t\t\t\t\t<\/div>\n\t\t<\/section>\n\t\t\t\t<section class=\"elementor-section elementor-top-section elementor-element elementor-element-db15a55 elementor-section-content-middle elementor-section-boxed elementor-section-height-default elementor-section-height-default\" data-id=\"db15a55\" data-element_type=\"section\" id=\"get-started\">\n\t\t\t\t\t\t<div class=\"elementor-container elementor-column-gap-wider\">\n\t\t\t\t\t<div class=\"elementor-column elementor-col-50 elementor-top-column elementor-element elementor-element-358167dc\" data-id=\"358167dc\" data-element_type=\"column\">\n\t\t\t<div class=\"elementor-widget-wrap elementor-element-populated\">\n\t\t\t\t\t\t<div class=\"elementor-element elementor-element-57476e7e elementor-widget elementor-widget-image\" data-id=\"57476e7e\" data-element_type=\"widget\" data-widget_type=\"image.default\">\n\t\t\t\t\t\t\t\t\t\t\t\t\t\t\t<img fetchpriority=\"high\" decoding=\"async\" width=\"1200\" height=\"1107\" src=\"https:\/\/vesta-ubezpieczenia.pl\/wp-content\/uploads\/2020\/10\/umbrella-page-1-5.jpg\" class=\"attachment-full size-full wp-image-3154\" alt=\"\" srcset=\"https:\/\/vesta-ubezpieczenia.pl\/wp-content\/uploads\/2020\/10\/umbrella-page-1-5.jpg 1200w, https:\/\/vesta-ubezpieczenia.pl\/wp-content\/uploads\/2020\/10\/umbrella-page-1-5-1080x996.jpg 1080w, https:\/\/vesta-ubezpieczenia.pl\/wp-content\/uploads\/2020\/10\/umbrella-page-1-5-300x277.jpg 300w, https:\/\/vesta-ubezpieczenia.pl\/wp-content\/uploads\/2020\/10\/umbrella-page-1-5-1024x945.jpg 1024w, https:\/\/vesta-ubezpieczenia.pl\/wp-content\/uploads\/2020\/10\/umbrella-page-1-5-768x708.jpg 768w\" sizes=\"(max-width: 1200px) 100vw, 1200px\" \/>\t\t\t\t\t\t\t\t\t\t\t\t\t\t\t<\/div>\n\t\t\t\t\t<\/div>\n\t\t<\/div>\n\t\t\t\t<div class=\"elementor-column elementor-col-50 elementor-top-column elementor-element elementor-element-494eb884\" data-id=\"494eb884\" data-element_type=\"column\">\n\t\t\t<div class=\"elementor-widget-wrap elementor-element-populated\">\n\t\t\t\t\t\t<div class=\"elementor-element elementor-element-4bf8413d elementor-widget elementor-widget-heading\" data-id=\"4bf8413d\" data-element_type=\"widget\" data-widget_type=\"heading.default\">\n\t\t\t\t\t<h6 class=\"elementor-heading-title elementor-size-default\"><p style=\"margin-bottom: 0cm;line-height: 1px;font-size: medium;font-style: normal;font-weight: 400\"><\/p>Ubezpieczenia zdrowotne i na \u017cycie<\/h6>\t\t\t\t<\/div>\n\t\t\t\t<div class=\"elementor-element elementor-element-791d5b78 elementor-widget elementor-widget-heading\" data-id=\"791d5b78\" data-element_type=\"widget\" data-widget_type=\"heading.default\">\n\t\t\t\t\t<h2 class=\"elementor-heading-title elementor-size-default\">Optymalna ochrona <span class=\"theme-primary-color\">\u017cycia i zdrowia<\/span><\/h2>\t\t\t\t<\/div>\n\t\t\t\t<div class=\"elementor-element elementor-element-1222d17e elementor-widget elementor-widget-text-editor\" data-id=\"1222d17e\" data-element_type=\"widget\" data-widget_type=\"text-editor.default\">\n\t\t\t\t\t\t\t\t\t<p>Zapewniamy kompleksow\u0105 ochron\u0119, kt\u00f3ra dba zar\u00f3wno o Twoje zdrowie, jak i bezpiecze\u0144stwo finansowe Twoich bliskich. \u0141\u0105czymy nowoczesne ubezpieczenia zdrowotne z ubezpieczeniami na \u017cycie, aby\u015b w ka\u017cdej sytuacji m\u00f3g\u0142 skupi\u0107 si\u0119 na tym, co najwa\u017cniejsze.<\/p><p>W ramach tej oferty pomagamy dobra\u0107 rozwi\u0105zania, kt\u00f3re:<\/p><ul><li style=\"list-style-type: none;\"><ul><li>zapewniaj\u0105 szybki dost\u0119p do lekarzy specjalist\u00f3w i bada\u0144,<\/li><\/ul><\/li><\/ul><ul><li style=\"list-style-type: none;\"><ul><li>chroni\u0105 finansowo w razie powa\u017cnej choroby, wypadku lub hospitalizacji,<\/li><\/ul><\/li><\/ul><ul><li style=\"list-style-type: none;\"><ul><li>daj\u0105 realne wsparcie bliskim w trudnych momentach \u017cycia.<\/li><\/ul><\/li><\/ul><p>Ka\u017cd\u0105 ofert\u0119 dopasowujemy indywidualnie \u2014 do wieku, stylu \u017cycia, sytuacji rodzinnej oraz zawodowej.<\/p>\t\t\t\t\t\t\t\t<\/div>\n\t\t\t\t<div class=\"elementor-element elementor-element-5918aa46 elementor-position-left elementor-widget-icon-box stl-icon-box elementor-view-default aleft elementor-widget elementor-widget-stl-info-box\" data-id=\"5918aa46\" data-element_type=\"widget\" data-widget_type=\"stl-info-box.default\">\n\t\t\t\t<div class=\"elementor-widget-container\">\n\t\t\t\t\t<div class=\"stl-infobox\"><div class=\"stl-infobox_wrapper elementor-icon-box-wrapper\"><div class=\"stl-infobox-icon_wrapper elementor-icon-box-icon\"><div class=\"stl-infobox-icon_container\"><span class=\"stl-icon elementor-icon elementor-animation-\" ><i class=\"icon fa fa-phone-square\"><\/i><\/span><\/div><\/div><div class=\"stl-infobox-content_wrapper elementor-icon-box-content\"><div class=\"stl-infobox-title_wrapper\"><h3 class=\"stl-infobox_title\">Zadzwo\u0144: 797 032 622<\/h3><\/div><\/div><\/div><\/div>\t\t\t\t<\/div>\n\t\t\t\t<\/div>\n\t\t\t\t\t<\/div>\n\t\t<\/div>\n\t\t\t\t\t<\/div>\n\t\t<\/section>\n\t\t\t\t<\/div>\n\t\t","protected":false},"excerpt":{"rendered":"<p>\u017bycie i zdrowie Kompleksowa ochrona, kt\u00f3ra zapewnia bezpiecze\u0144stwo Wi\u0119cej Kontakt Ubezpieczenia zdrowotne i na \u017cycie Optymalna ochrona \u017cycia i zdrowia Zapewniamy kompleksow\u0105 ochron\u0119, kt\u00f3ra dba zar\u00f3wno o Twoje zdrowie, jak i bezpiecze\u0144stwo finansowe Twoich bliskich. \u0141\u0105czymy nowoczesne ubezpieczenia zdrowotne z ubezpieczeniami na \u017cycie, aby\u015b w ka\u017cdej sytuacji m\u00f3g\u0142 skupi\u0107 si\u0119 na tym, co najwa\u017cniejsze. W [&hellip;]<\/p>\n","protected":false},"author":1,"featured_media":0,"parent":0,"menu_order":0,"comment_status":"closed","ping_status":"closed","template":"","meta":{"_monsterinsights_skip_tracking":false,"_monsterinsights_sitenote_active":false,"_monsterinsights_sitenote_note":"","_monsterinsights_sitenote_category":0,"footnotes":""},"class_list":["post-3114","page","type-page","status-publish","hentry"],"aioseo_notices":[],"_links":{"self":[{"href":"https:\/\/vesta-ubezpieczenia.pl\/index.php?rest_route=\/wp\/v2\/pages\/3114","targetHints":{"allow":["GET"]}}],"collection":[{"href":"https:\/\/vesta-ubezpieczenia.pl\/index.php?rest_route=\/wp\/v2\/pages"}],"about":[{"href":"https:\/\/vesta-ubezpieczenia.pl\/index.php?rest_route=\/wp\/v2\/types\/page"}],"author":[{"embeddable":true,"href":"https:\/\/vesta-ubezpieczenia.pl\/index.php?rest_route=\/wp\/v2\/users\/1"}],"replies":[{"embeddable":true,"href":"https:\/\/vesta-ubezpieczenia.pl\/index.php?rest_route=%2Fwp%2Fv2%2Fcomments&post=3114"}],"version-history":[{"count":22,"href":"https:\/\/vesta-ubezpieczenia.pl\/index.php?rest_route=\/wp\/v2\/pages\/3114\/revisions"}],"predecessor-version":[{"id":5922,"href":"https:\/\/vesta-ubezpieczenia.pl\/index.php?rest_route=\/wp\/v2\/pages\/3114\/revisions\/5922"}],"wp:attachment":[{"href":"https:\/\/vesta-ubezpieczenia.pl\/index.php?rest_route=%2Fwp%2Fv2%2Fmedia&parent=3114"}],"curies":[{"name":"wp","href":"https:\/\/api.w.org\/{rel}","templated":true}]}}