{"id":3115,"date":"2020-10-01T03:45:16","date_gmt":"2020-10-01T03:45:16","guid":{"rendered":"http:\/\/localhost:8888\/webio\/?page_id=3115"},"modified":"2026-02-28T11:46:08","modified_gmt":"2026-02-28T10:46:08","slug":"business-insurance","status":"publish","type":"page","link":"https:\/\/vesta-ubezpieczenia.pl\/?page_id=3115","title":{"rendered":"Firma"},"content":{"rendered":"\t\t<div data-elementor-type=\"wp-page\" data-elementor-id=\"3115\" class=\"elementor elementor-3115\">\n\t\t\t\t\t\t<section class=\"elementor-section elementor-top-section elementor-element elementor-element-3b5b6dd9 elementor-section-boxed elementor-section-height-default elementor-section-height-default\" data-id=\"3b5b6dd9\" data-element_type=\"section\" data-settings=\"{&quot;background_background&quot;:&quot;classic&quot;}\">\n\t\t\t\t\t\t\t<div class=\"elementor-background-overlay\"><\/div>\n\t\t\t\t\t\t\t<div class=\"elementor-container elementor-column-gap-no\">\n\t\t\t\t\t<div class=\"elementor-column elementor-col-16 elementor-top-column elementor-element elementor-element-a88d493\" data-id=\"a88d493\" data-element_type=\"column\">\n\t\t\t<div class=\"elementor-widget-wrap\">\n\t\t\t\t\t\t\t<\/div>\n\t\t<\/div>\n\t\t\t\t<div class=\"elementor-column elementor-col-66 elementor-top-column elementor-element elementor-element-bcefc59\" data-id=\"bcefc59\" data-element_type=\"column\">\n\t\t\t<div class=\"elementor-widget-wrap elementor-element-populated\">\n\t\t\t\t\t\t<div class=\"elementor-element elementor-element-6b3910c0 elementor-widget__width-auto elementor-widget elementor-widget-text-editor\" data-id=\"6b3910c0\" data-element_type=\"widget\" data-widget_type=\"text-editor.default\">\n\t\t\t\t\t\t\t\t\t<p>Ubezpieczenia firmowe<\/p>\t\t\t\t\t\t\t\t<\/div>\n\t\t\t\t<div class=\"elementor-element elementor-element-65b88e67 elementor-widget elementor-widget-heading\" data-id=\"65b88e67\" data-element_type=\"widget\" data-widget_type=\"heading.default\">\n\t\t\t\t\t<h1 class=\"elementor-heading-title elementor-size-default\">Bezpiecze\u0144stwo dla Twojego biznesu<\/h1>\t\t\t\t<\/div>\n\t\t\t\t<div class=\"elementor-element elementor-element-19ad6dae elementor-align-center elementor-widget__width-auto elementor-widget-icon-box stl-icon-box elementor-widget elementor-widget-stl-button\" data-id=\"19ad6dae\" data-element_type=\"widget\" data-widget_type=\"stl-button.default\">\n\t\t\t\t<div class=\"elementor-widget-container\">\n\t\t\t\t\t\t\t<div class=\"elementor-button-wrapper elementor-button-icon\">\n\t\t\t<a href=\"#get-started\" class=\"elementor-button-link stl-button elementor-button button-size-lg\" role=\"button\">\t\t\t\t<div class=\"button-content-wrapper elementor-align-icon-right\">\n\t\t\t\t\t<div class=\"elementor-button-wrapper elementor-button-icon stl-widget_wrapper elementor-icon-box-icon\"><div class=\"stl-widget_container\"><span class=\"stl-icon elementor-icon\" ><i class=\"icon fa fa-arrow-circle-right\"><\/i><\/span><\/div><\/div>\t\t\t\t\t<span class=\"elementor-button-text\">Wi\u0119cej<\/span>\n\t\t\t\t<\/div>\n\t\t\t\t<\/a>\n\t\t<\/div>\n\t\t\t\t\t\t<\/div>\n\t\t\t\t<\/div>\n\t\t\t\t<div class=\"elementor-element elementor-element-3df7908b elementor-align-center elementor-widget__width-auto elementor-widget elementor-widget-stl-button\" data-id=\"3df7908b\" data-element_type=\"widget\" data-widget_type=\"stl-button.default\">\n\t\t\t\t<div class=\"elementor-widget-container\">\n\t\t\t\t\t\t\t<div class=\"elementor-button-wrapper elementor-button-icon\">\n\t\t\t<a href=\"https:\/\/vesta-ubezpieczenia.pl\/?page_id=2944\" class=\"elementor-button-link stl-button elementor-button button-size-lg\" role=\"button\">\t\t\t\t<div class=\"button-content-wrapper \">\n\t\t\t\t\t\t\t\t\t\t<span class=\"elementor-button-text\">Kontakt<\/span>\n\t\t\t\t<\/div>\n\t\t\t\t<\/a>\n\t\t<\/div>\n\t\t\t\t\t\t<\/div>\n\t\t\t\t<\/div>\n\t\t\t\t\t<\/div>\n\t\t<\/div>\n\t\t\t\t<div class=\"elementor-column elementor-col-16 elementor-top-column elementor-element elementor-element-2d1707f3\" data-id=\"2d1707f3\" data-element_type=\"column\">\n\t\t\t<div class=\"elementor-widget-wrap\">\n\t\t\t\t\t\t\t<\/div>\n\t\t<\/div>\n\t\t\t\t\t<\/div>\n\t\t<\/section>\n\t\t\t\t<section class=\"elementor-section elementor-top-section elementor-element elementor-element-38934d7 elementor-section-full_width elementor-section-height-default elementor-section-height-default\" data-id=\"38934d7\" data-element_type=\"section\">\n\t\t\t\t\t\t<div class=\"elementor-container elementor-column-gap-no\">\n\t\t\t\t\t<div class=\"elementor-column elementor-col-100 elementor-top-column elementor-element elementor-element-6db9e45\" data-id=\"6db9e45\" data-element_type=\"column\">\n\t\t\t<div class=\"elementor-widget-wrap elementor-element-populated\">\n\t\t\t\t\t\t<div class=\"elementor-element elementor-element-67b4a46 elementor-widget elementor-widget-stl-clients\" data-id=\"67b4a46\" data-element_type=\"widget\" data-widget_type=\"stl-clients.default\">\n\t\t\t\t<div class=\"elementor-widget-container\">\n\t\t\t\t\t<div class=\"stl-clients clearfix anim-ex_images_bg items-6\" data-carousel=\"yes\"><div class=\"stl-carousel_wrapper\"><div id=assurena_carousel_69e37cb7c4bcb class=\"stl-carousel pag_align_\"><div class=\"stl-carousel_slick\" data-slick='{\"slidesToShow\":6,\"slidesToScroll\":6,\"infinite\":true,\"variableWidth\":false,\"autoplay\":true,\"autoplaySpeed\":\"3000\",\"speed\":300,\"arrows\":false,\"dots\":false,\"adaptiveHeight\":false,\"responsive\":[{\"breakpoint\":1140,\"settings\":{\"slidesToShow\":4,\"slidesToScroll\":4}},{\"breakpoint\":1025,\"settings\":{\"slidesToShow\":4,\"slidesToScroll\":4}},{\"breakpoint\":768,\"settings\":{\"slidesToShow\":3,\"slidesToScroll\":3}}]}'><div class=\"clients_image\"><a class=\"image_link image_wrapper\" href=\"#\" target=\"_self\" rel=\"\"><img decoding=\"async\" class=\"main_image\" src=\"https:\/\/vesta-ubezpieczenia.pl\/wp-content\/uploads\/2026\/02\/compensa.png\" alt=\"compensa\" \/><\/a><\/div> <div class=\"clients_image\"><a class=\"image_link image_wrapper\" href=\"#\" target=\"_self\" rel=\"\"><img decoding=\"async\" class=\"main_image\" src=\"https:\/\/vesta-ubezpieczenia.pl\/wp-content\/uploads\/2026\/02\/generali.png\" alt=\"generali\" \/><\/a><\/div> <div class=\"clients_image\"><a class=\"image_link image_wrapper\" href=\"#\" target=\"_self\" rel=\"\"><img decoding=\"async\" class=\"main_image\" src=\"https:\/\/vesta-ubezpieczenia.pl\/wp-content\/uploads\/2026\/02\/interrisk.png\" alt=\"interrisk\" \/><\/a><\/div> <div class=\"clients_image\"><a class=\"image_link image_wrapper\" href=\"#\" target=\"_self\" rel=\"\"><img decoding=\"async\" class=\"main_image\" src=\"https:\/\/vesta-ubezpieczenia.pl\/wp-content\/uploads\/2026\/02\/ergo-Hestia.png\" alt=\"ergo Hestia\" \/><\/a><\/div> <div class=\"clients_image\"><a class=\"image_link image_wrapper\" href=\"#\" target=\"_self\" rel=\"\"><img decoding=\"async\" class=\"main_image\" src=\"https:\/\/vesta-ubezpieczenia.pl\/wp-content\/uploads\/2026\/02\/pzu-.png\" alt=\"pzu\" \/><\/a><\/div> <div class=\"clients_image\"><a class=\"image_link image_wrapper\" href=\"#\" target=\"_self\" rel=\"\"><img decoding=\"async\" class=\"main_image\" src=\"https:\/\/vesta-ubezpieczenia.pl\/wp-content\/uploads\/2026\/02\/warta.png\" alt=\"warta\" \/><\/a><\/div> <\/div><\/div><\/div><\/div>\t\t\t\t<\/div>\n\t\t\t\t<\/div>\n\t\t\t\t\t<\/div>\n\t\t<\/div>\n\t\t\t\t\t<\/div>\n\t\t<\/section>\n\t\t\t\t<section class=\"elementor-section elementor-top-section elementor-element elementor-element-7c5752ca elementor-section-content-middle elementor-section-boxed elementor-section-height-default elementor-section-height-default\" data-id=\"7c5752ca\" data-element_type=\"section\" id=\"get-started\">\n\t\t\t\t\t\t<div class=\"elementor-container elementor-column-gap-wider\">\n\t\t\t\t\t<div class=\"elementor-column elementor-col-50 elementor-top-column elementor-element elementor-element-4db325ee\" data-id=\"4db325ee\" data-element_type=\"column\">\n\t\t\t<div class=\"elementor-widget-wrap elementor-element-populated\">\n\t\t\t\t\t\t<div class=\"elementor-element elementor-element-7df2ed01 elementor-widget elementor-widget-image\" data-id=\"7df2ed01\" data-element_type=\"widget\" data-widget_type=\"image.default\">\n\t\t\t\t\t\t\t\t\t\t\t\t\t\t\t<img fetchpriority=\"high\" decoding=\"async\" width=\"1024\" height=\"1024\" src=\"https:\/\/vesta-ubezpieczenia.pl\/wp-content\/uploads\/2026\/02\/firma.png\" class=\"attachment-full size-full wp-image-5825\" alt=\"\" srcset=\"https:\/\/vesta-ubezpieczenia.pl\/wp-content\/uploads\/2026\/02\/firma.png 1024w, https:\/\/vesta-ubezpieczenia.pl\/wp-content\/uploads\/2026\/02\/firma-300x300.png 300w, https:\/\/vesta-ubezpieczenia.pl\/wp-content\/uploads\/2026\/02\/firma-150x150.png 150w, https:\/\/vesta-ubezpieczenia.pl\/wp-content\/uploads\/2026\/02\/firma-768x768.png 768w, https:\/\/vesta-ubezpieczenia.pl\/wp-content\/uploads\/2026\/02\/firma-440x440.png 440w, https:\/\/vesta-ubezpieczenia.pl\/wp-content\/uploads\/2026\/02\/firma-180x180.png 180w, https:\/\/vesta-ubezpieczenia.pl\/wp-content\/uploads\/2026\/02\/firma-120x120.png 120w, https:\/\/vesta-ubezpieczenia.pl\/wp-content\/uploads\/2026\/02\/firma-540x540.png 540w, https:\/\/vesta-ubezpieczenia.pl\/wp-content\/uploads\/2026\/02\/firma-240x240.png 240w\" sizes=\"(max-width: 1024px) 100vw, 1024px\" \/>\t\t\t\t\t\t\t\t\t\t\t\t\t\t\t<\/div>\n\t\t\t\t\t<\/div>\n\t\t<\/div>\n\t\t\t\t<div class=\"elementor-column elementor-col-50 elementor-top-column elementor-element elementor-element-3ac17b96\" data-id=\"3ac17b96\" data-element_type=\"column\">\n\t\t\t<div class=\"elementor-widget-wrap elementor-element-populated\">\n\t\t\t\t\t\t<div class=\"elementor-element elementor-element-5dcd2b91 elementor-widget elementor-widget-heading\" data-id=\"5dcd2b91\" data-element_type=\"widget\" data-widget_type=\"heading.default\">\n\t\t\t\t\t<h6 class=\"elementor-heading-title elementor-size-default\">Ubezpieczenia dla firm<\/h6>\t\t\t\t<\/div>\n\t\t\t\t<div class=\"elementor-element elementor-element-6d9e6da0 elementor-widget elementor-widget-heading\" data-id=\"6d9e6da0\" data-element_type=\"widget\" data-widget_type=\"heading.default\">\n\t\t\t\t\t<h2 class=\"elementor-heading-title elementor-size-default\">Wybierz optymalne zabezpieczenie dla <span class=\"theme-primary-color\">Twojej firmy<\/span><\/h2>\t\t\t\t<\/div>\n\t\t\t\t<div class=\"elementor-element elementor-element-48bc0ada elementor-widget elementor-widget-text-editor\" data-id=\"48bc0ada\" data-element_type=\"widget\" data-widget_type=\"text-editor.default\">\n\t\t\t\t\t\t\t\t\t<p>Ubezpieczenie mienia \u2013 to ochrona maj\u0105tku przedsi\u0119biorstwa (budynki, maszyny, sprz\u0119t, towary, inne) przed finansowymi skutkami zdarze\u0144 losowych, kradzie\u017cy, zalania, wandalizmu.<\/p><p>Umo\u017cliwia zwrot pieni\u0119dzy na szybki powr\u00f3t do dalszego dzia\u0142ania.<\/p><p>Ubezpieczenie OC firmy \u2013 to ochrona przedsi\u0119biorcy przed finansowymi skutkami szk\u00f3d osobowych i maj\u0105tkowych wyrz\u0105dzonych osobom trzecim w zwi\u0105zku z prowadzon\u0105 dzia\u0142alno\u015bci\u0105. To ubezpieczenie, kt\u00f3re chroni producent\u00f3w, dystrybutor\u00f3w przed skutkami finansowymi roszcze\u0144 klient\u00f3w z tytu\u0142u szk\u00f3d na osobie lub mieniu, wyrz\u0105dzony przez wadliwy towar.<\/p><p>Ubezpieczenie cybernetyczne \u2013 to ochrona m.in. przed skutkami naruszenia przepis\u00f3w RODO.<\/p><p>OC zawodowe \u2013 to ochrona specjalist\u00f3w przed finansowymi skutkami b\u0142\u0119d\u00f3w i zaniedba\u0144 pope\u0142nionych w pracy. Jest obowi\u0105zkowe m.in. dla lekarzy, prawnik\u00f3w, ksi\u0119gowych.<\/p><p>Ubezpieczenie dla wsp\u00f3lnot i sp\u00f3\u0142dzielni \u2013 to dobrowolne ubezpieczenie chroni\u0105ce maj\u0105tek wsp\u00f3lnoty (cz\u0119\u015bci wsp\u00f3lne, dach) przed skutkami zdarze\u0144 losowych (po\u017car, wandalizm, zalanie) oraz szk\u00f3d osobom trzecim.<\/p><p>Ubezpieczenie komunikacyjne (OC\/AC) \u2013 to obowi\u0105zkowa (OC) i dobrowolna (AC\/NNW\/ASS) ochrona samochod\u00f3w firmowych przed skutkami zdarze\u0144 losowych (kradzie\u017cy, wypadku, awarii).<\/p>\t\t\t\t\t\t\t\t<\/div>\n\t\t\t\t<div class=\"elementor-element elementor-element-2d8084e0 elementor-position-left elementor-widget-icon-box stl-icon-box elementor-view-default aleft elementor-widget elementor-widget-stl-info-box\" data-id=\"2d8084e0\" data-element_type=\"widget\" data-widget_type=\"stl-info-box.default\">\n\t\t\t\t<div class=\"elementor-widget-container\">\n\t\t\t\t\t<div class=\"stl-infobox\"><div class=\"stl-infobox_wrapper elementor-icon-box-wrapper\"><div class=\"stl-infobox-icon_wrapper elementor-icon-box-icon\"><div class=\"stl-infobox-icon_container\"><span class=\"stl-icon elementor-icon elementor-animation-\" ><i class=\"icon fa fa-phone-square\"><\/i><\/span><\/div><\/div><div class=\"stl-infobox-content_wrapper elementor-icon-box-content\"><div class=\"stl-infobox-title_wrapper\"><h3 class=\"stl-infobox_title\">Zadzwo\u0144: 797\u00a0032\u00a0622<\/h3><\/div><\/div><\/div><\/div>\t\t\t\t<\/div>\n\t\t\t\t<\/div>\n\t\t\t\t\t<\/div>\n\t\t<\/div>\n\t\t\t\t\t<\/div>\n\t\t<\/section>\n\t\t\t\t<\/div>\n\t\t","protected":false},"excerpt":{"rendered":"<p>Ubezpieczenia firmowe Bezpiecze\u0144stwo dla Twojego biznesu Wi\u0119cej Kontakt Ubezpieczenia dla firm Wybierz optymalne zabezpieczenie dla Twojej firmy Ubezpieczenie mienia \u2013 to ochrona maj\u0105tku przedsi\u0119biorstwa (budynki, maszyny, sprz\u0119t, towary, inne) przed finansowymi skutkami zdarze\u0144 losowych, kradzie\u017cy, zalania, wandalizmu. Umo\u017cliwia zwrot pieni\u0119dzy na szybki powr\u00f3t do dalszego dzia\u0142ania. Ubezpieczenie OC firmy \u2013 to ochrona przedsi\u0119biorcy przed finansowymi [&hellip;]<\/p>\n","protected":false},"author":1,"featured_media":0,"parent":0,"menu_order":0,"comment_status":"closed","ping_status":"closed","template":"","meta":{"_monsterinsights_skip_tracking":false,"_monsterinsights_sitenote_active":false,"_monsterinsights_sitenote_note":"","_monsterinsights_sitenote_category":0,"footnotes":""},"class_list":["post-3115","page","type-page","status-publish","hentry"],"aioseo_notices":[],"_links":{"self":[{"href":"https:\/\/vesta-ubezpieczenia.pl\/index.php?rest_route=\/wp\/v2\/pages\/3115","targetHints":{"allow":["GET"]}}],"collection":[{"href":"https:\/\/vesta-ubezpieczenia.pl\/index.php?rest_route=\/wp\/v2\/pages"}],"about":[{"href":"https:\/\/vesta-ubezpieczenia.pl\/index.php?rest_route=\/wp\/v2\/types\/page"}],"author":[{"embeddable":true,"href":"https:\/\/vesta-ubezpieczenia.pl\/index.php?rest_route=\/wp\/v2\/users\/1"}],"replies":[{"embeddable":true,"href":"https:\/\/vesta-ubezpieczenia.pl\/index.php?rest_route=%2Fwp%2Fv2%2Fcomments&post=3115"}],"version-history":[{"count":22,"href":"https:\/\/vesta-ubezpieczenia.pl\/index.php?rest_route=\/wp\/v2\/pages\/3115\/revisions"}],"predecessor-version":[{"id":5936,"href":"https:\/\/vesta-ubezpieczenia.pl\/index.php?rest_route=\/wp\/v2\/pages\/3115\/revisions\/5936"}],"wp:attachment":[{"href":"https:\/\/vesta-ubezpieczenia.pl\/index.php?rest_route=%2Fwp%2Fv2%2Fmedia&parent=3115"}],"curies":[{"name":"wp","href":"https:\/\/api.w.org\/{rel}","templated":true}]}}