{"id":3116,"date":"2020-10-01T03:45:25","date_gmt":"2020-10-01T03:45:25","guid":{"rendered":"http:\/\/localhost:8888\/webio\/?page_id=3116"},"modified":"2026-02-28T11:43:38","modified_gmt":"2026-02-28T10:43:38","slug":"home-insurance","status":"publish","type":"page","link":"https:\/\/vesta-ubezpieczenia.pl\/?page_id=3116","title":{"rendered":"Dom i mieszkanie"},"content":{"rendered":"\t\t<div data-elementor-type=\"wp-page\" data-elementor-id=\"3116\" class=\"elementor elementor-3116\">\n\t\t\t\t\t\t<section class=\"elementor-section elementor-top-section elementor-element elementor-element-2f3ef684 elementor-section-boxed elementor-section-height-default elementor-section-height-default\" data-id=\"2f3ef684\" data-element_type=\"section\" data-settings=\"{&quot;background_background&quot;:&quot;classic&quot;}\">\n\t\t\t\t\t\t\t<div class=\"elementor-background-overlay\"><\/div>\n\t\t\t\t\t\t\t<div class=\"elementor-container elementor-column-gap-no\">\n\t\t\t\t\t<div class=\"elementor-column elementor-col-16 elementor-top-column elementor-element elementor-element-2831308f\" data-id=\"2831308f\" data-element_type=\"column\">\n\t\t\t<div class=\"elementor-widget-wrap\">\n\t\t\t\t\t\t\t<\/div>\n\t\t<\/div>\n\t\t\t\t<div class=\"elementor-column elementor-col-66 elementor-top-column elementor-element elementor-element-7b910b34\" data-id=\"7b910b34\" data-element_type=\"column\">\n\t\t\t<div class=\"elementor-widget-wrap elementor-element-populated\">\n\t\t\t\t\t\t<div class=\"elementor-element elementor-element-30ee2bc elementor-widget__width-auto elementor-widget elementor-widget-text-editor\" data-id=\"30ee2bc\" data-element_type=\"widget\" data-widget_type=\"text-editor.default\">\n\t\t\t\t\t\t\t\t\t<p>Polisa na dom lub mieszkanie<\/p>\t\t\t\t\t\t\t\t<\/div>\n\t\t\t\t<div class=\"elementor-element elementor-element-5ceae47f elementor-widget elementor-widget-heading\" data-id=\"5ceae47f\" data-element_type=\"widget\" data-widget_type=\"heading.default\">\n\t\t\t\t\t<h1 class=\"elementor-heading-title elementor-size-default\">Upewnij si\u0119, \u017ce Tw\u00f3j dom lub mieszkanie jest zabezpieczony<\/h1>\t\t\t\t<\/div>\n\t\t\t\t<div class=\"elementor-element elementor-element-29e0526f elementor-align-center elementor-widget__width-auto elementor-widget-icon-box stl-icon-box elementor-widget elementor-widget-stl-button\" data-id=\"29e0526f\" data-element_type=\"widget\" data-widget_type=\"stl-button.default\">\n\t\t\t\t<div class=\"elementor-widget-container\">\n\t\t\t\t\t\t\t<div class=\"elementor-button-wrapper elementor-button-icon\">\n\t\t\t<a href=\"#get-started\" class=\"elementor-button-link stl-button elementor-button button-size-lg\" role=\"button\">\t\t\t\t<div class=\"button-content-wrapper elementor-align-icon-right\">\n\t\t\t\t\t<div class=\"elementor-button-wrapper elementor-button-icon stl-widget_wrapper elementor-icon-box-icon\"><div class=\"stl-widget_container\"><span class=\"stl-icon elementor-icon\" ><i class=\"icon fa fa-arrow-circle-right\"><\/i><\/span><\/div><\/div>\t\t\t\t\t<span class=\"elementor-button-text\">Wi\u0119cej<\/span>\n\t\t\t\t<\/div>\n\t\t\t\t<\/a>\n\t\t<\/div>\n\t\t\t\t\t\t<\/div>\n\t\t\t\t<\/div>\n\t\t\t\t<div class=\"elementor-element elementor-element-651ff50b elementor-align-center elementor-widget__width-auto elementor-widget elementor-widget-stl-button\" data-id=\"651ff50b\" data-element_type=\"widget\" data-widget_type=\"stl-button.default\">\n\t\t\t\t<div class=\"elementor-widget-container\">\n\t\t\t\t\t\t\t<div class=\"elementor-button-wrapper elementor-button-icon\">\n\t\t\t<a href=\"https:\/\/vesta-ubezpieczenia.pl\/?page_id=2944\" class=\"elementor-button-link stl-button elementor-button button-size-lg\" role=\"button\">\t\t\t\t<div class=\"button-content-wrapper \">\n\t\t\t\t\t\t\t\t\t\t<span class=\"elementor-button-text\">Kontakt<\/span>\n\t\t\t\t<\/div>\n\t\t\t\t<\/a>\n\t\t<\/div>\n\t\t\t\t\t\t<\/div>\n\t\t\t\t<\/div>\n\t\t\t\t\t<\/div>\n\t\t<\/div>\n\t\t\t\t<div class=\"elementor-column elementor-col-16 elementor-top-column elementor-element elementor-element-169f165\" data-id=\"169f165\" data-element_type=\"column\">\n\t\t\t<div class=\"elementor-widget-wrap\">\n\t\t\t\t\t\t\t<\/div>\n\t\t<\/div>\n\t\t\t\t\t<\/div>\n\t\t<\/section>\n\t\t\t\t<section class=\"elementor-section elementor-top-section elementor-element elementor-element-e51aff4 elementor-section-full_width elementor-section-height-default elementor-section-height-default\" data-id=\"e51aff4\" data-element_type=\"section\">\n\t\t\t\t\t\t<div class=\"elementor-container elementor-column-gap-no\">\n\t\t\t\t\t<div class=\"elementor-column elementor-col-100 elementor-top-column elementor-element elementor-element-6b617d2\" data-id=\"6b617d2\" data-element_type=\"column\">\n\t\t\t<div class=\"elementor-widget-wrap elementor-element-populated\">\n\t\t\t\t\t\t<div class=\"elementor-element elementor-element-f6ef9cf elementor-widget elementor-widget-stl-clients\" data-id=\"f6ef9cf\" data-element_type=\"widget\" data-widget_type=\"stl-clients.default\">\n\t\t\t\t<div class=\"elementor-widget-container\">\n\t\t\t\t\t<div class=\"stl-clients clearfix anim-ex_images_bg items-6\" data-carousel=\"yes\"><div class=\"stl-carousel_wrapper\"><div id=assurena_carousel_69e37c921ec07 class=\"stl-carousel pag_align_\"><div class=\"stl-carousel_slick\" data-slick='{\"slidesToShow\":6,\"slidesToScroll\":6,\"infinite\":true,\"variableWidth\":false,\"autoplay\":true,\"autoplaySpeed\":\"3000\",\"speed\":300,\"arrows\":false,\"dots\":false,\"adaptiveHeight\":false,\"responsive\":[{\"breakpoint\":1140,\"settings\":{\"slidesToShow\":4,\"slidesToScroll\":4}},{\"breakpoint\":1025,\"settings\":{\"slidesToShow\":4,\"slidesToScroll\":4}},{\"breakpoint\":768,\"settings\":{\"slidesToShow\":3,\"slidesToScroll\":3}}]}'><div class=\"clients_image\"><a class=\"image_link image_wrapper\" href=\"#\" target=\"_self\" rel=\"\"><img decoding=\"async\" class=\"main_image\" src=\"https:\/\/vesta-ubezpieczenia.pl\/wp-content\/uploads\/2026\/02\/compensa.png\" alt=\"compensa\" \/><\/a><\/div> <div class=\"clients_image\"><a class=\"image_link image_wrapper\" href=\"#\" target=\"_self\" rel=\"\"><img decoding=\"async\" class=\"main_image\" src=\"https:\/\/vesta-ubezpieczenia.pl\/wp-content\/uploads\/2026\/02\/generali.png\" alt=\"generali\" \/><\/a><\/div> <div class=\"clients_image\"><a class=\"image_link image_wrapper\" href=\"#\" target=\"_self\" rel=\"\"><img decoding=\"async\" class=\"main_image\" src=\"https:\/\/vesta-ubezpieczenia.pl\/wp-content\/uploads\/2026\/02\/interrisk-2.png\" alt=\"interrisk-2\" \/><\/a><\/div> <div class=\"clients_image\"><a class=\"image_link image_wrapper\" href=\"#\" target=\"_self\" rel=\"\"><img decoding=\"async\" class=\"main_image\" src=\"https:\/\/vesta-ubezpieczenia.pl\/wp-content\/uploads\/2026\/02\/ergo-Hestia.png\" alt=\"ergo Hestia\" \/><\/a><\/div> <div class=\"clients_image\"><a class=\"image_link image_wrapper\" href=\"#\" target=\"_self\" rel=\"\"><img decoding=\"async\" class=\"main_image\" src=\"https:\/\/vesta-ubezpieczenia.pl\/wp-content\/uploads\/2026\/02\/pzu-.png\" alt=\"pzu\" \/><\/a><\/div> <div class=\"clients_image\"><a class=\"image_link image_wrapper\" href=\"#\" target=\"_self\" rel=\"\"><img decoding=\"async\" class=\"main_image\" src=\"https:\/\/vesta-ubezpieczenia.pl\/wp-content\/uploads\/2026\/02\/warta.png\" alt=\"warta\" \/><\/a><\/div> <\/div><\/div><\/div><\/div>\t\t\t\t<\/div>\n\t\t\t\t<\/div>\n\t\t\t\t\t<\/div>\n\t\t<\/div>\n\t\t\t\t\t<\/div>\n\t\t<\/section>\n\t\t\t\t<section class=\"elementor-section elementor-top-section elementor-element elementor-element-130e6178 elementor-section-content-middle elementor-section-boxed elementor-section-height-default elementor-section-height-default\" data-id=\"130e6178\" data-element_type=\"section\" id=\"get-started\">\n\t\t\t\t\t\t<div class=\"elementor-container elementor-column-gap-wider\">\n\t\t\t\t\t<div class=\"elementor-column elementor-col-50 elementor-top-column elementor-element elementor-element-713c155d\" data-id=\"713c155d\" data-element_type=\"column\">\n\t\t\t<div class=\"elementor-widget-wrap elementor-element-populated\">\n\t\t\t\t\t\t<div class=\"elementor-element elementor-element-4bf097cc elementor-widget elementor-widget-image\" data-id=\"4bf097cc\" data-element_type=\"widget\" data-widget_type=\"image.default\">\n\t\t\t\t\t\t\t\t\t\t\t\t\t\t\t<img fetchpriority=\"high\" decoding=\"async\" width=\"1024\" height=\"1024\" src=\"https:\/\/vesta-ubezpieczenia.pl\/wp-content\/uploads\/2026\/02\/dom.png\" class=\"attachment-full size-full wp-image-5857\" alt=\"\" srcset=\"https:\/\/vesta-ubezpieczenia.pl\/wp-content\/uploads\/2026\/02\/dom.png 1024w, https:\/\/vesta-ubezpieczenia.pl\/wp-content\/uploads\/2026\/02\/dom-300x300.png 300w, https:\/\/vesta-ubezpieczenia.pl\/wp-content\/uploads\/2026\/02\/dom-150x150.png 150w, https:\/\/vesta-ubezpieczenia.pl\/wp-content\/uploads\/2026\/02\/dom-768x768.png 768w, https:\/\/vesta-ubezpieczenia.pl\/wp-content\/uploads\/2026\/02\/dom-440x440.png 440w, https:\/\/vesta-ubezpieczenia.pl\/wp-content\/uploads\/2026\/02\/dom-180x180.png 180w, https:\/\/vesta-ubezpieczenia.pl\/wp-content\/uploads\/2026\/02\/dom-120x120.png 120w, https:\/\/vesta-ubezpieczenia.pl\/wp-content\/uploads\/2026\/02\/dom-540x540.png 540w, https:\/\/vesta-ubezpieczenia.pl\/wp-content\/uploads\/2026\/02\/dom-240x240.png 240w\" sizes=\"(max-width: 1024px) 100vw, 1024px\" \/>\t\t\t\t\t\t\t\t\t\t\t\t\t\t\t<\/div>\n\t\t\t\t\t<\/div>\n\t\t<\/div>\n\t\t\t\t<div class=\"elementor-column elementor-col-50 elementor-top-column elementor-element elementor-element-2f27757d\" data-id=\"2f27757d\" data-element_type=\"column\">\n\t\t\t<div class=\"elementor-widget-wrap elementor-element-populated\">\n\t\t\t\t\t\t<div class=\"elementor-element elementor-element-7ff649c8 elementor-widget elementor-widget-heading\" data-id=\"7ff649c8\" data-element_type=\"widget\" data-widget_type=\"heading.default\">\n\t\t\t\t\t<h6 class=\"elementor-heading-title elementor-size-default\">Bezpieczny dom i mieszkanie<\/h6>\t\t\t\t<\/div>\n\t\t\t\t<div class=\"elementor-element elementor-element-3af0859e elementor-widget elementor-widget-heading\" data-id=\"3af0859e\" data-element_type=\"widget\" data-widget_type=\"heading.default\">\n\t\t\t\t\t<h2 class=\"elementor-heading-title elementor-size-default\">Znajd\u017a najlepsze <span class=\"theme-primary-color\">ubezpieczenie<\/span><\/h2>\t\t\t\t<\/div>\n\t\t\t\t<div class=\"elementor-element elementor-element-49c99a11 elementor-widget elementor-widget-text-editor\" data-id=\"49c99a11\" data-element_type=\"widget\" data-widget_type=\"text-editor.default\">\n\t\t\t\t\t\t\t\t\t<p>Domu, gara\u017cu oraz ogrodzenia \u2013 w razie po\u017caru, powodzi, kradzie\u017cy i innych zdarze\u0144<\/p><p>Mieszkania \u2013 w razie zalania, kradzie\u017cy i innych zdarze\u0144.<\/p><p>Domku letniskowego \u2013 w razie zdarze\u0144 losowych i kradzie\u017cy.<\/p><p>Dom w budowie \u2013 w razie zdarze\u0144 losowych, dewastacji, kradzie\u017cy.<\/p><p>Inne:<\/p><p>OC w \u017cyciu prywatnym \u2013 ubezpieczenie dla w\u0142a\u015bciciela, najemcy, np. gdy zalejesz s\u0105siada, jad\u0105c rowerem uszkodzisz czyje\u015b auto.<\/p><p>Pomoc Assistance \u2013 ubezpieczenie, kt\u00f3re zapewnia m.in. pomoc hydraulika, elektryka, \u015blusarza w nag\u0142ych awariach<\/p>\t\t\t\t\t\t\t\t<\/div>\n\t\t\t\t<div class=\"elementor-element elementor-element-56ce5d44 elementor-position-left elementor-widget-icon-box stl-icon-box elementor-view-default aleft elementor-widget elementor-widget-stl-info-box\" data-id=\"56ce5d44\" data-element_type=\"widget\" data-widget_type=\"stl-info-box.default\">\n\t\t\t\t<div class=\"elementor-widget-container\">\n\t\t\t\t\t<div class=\"stl-infobox\"><div class=\"stl-infobox_wrapper elementor-icon-box-wrapper\"><div class=\"stl-infobox-icon_wrapper elementor-icon-box-icon\"><div class=\"stl-infobox-icon_container\"><span class=\"stl-icon elementor-icon elementor-animation-\" ><i class=\"icon fa fa-phone-square\"><\/i><\/span><\/div><\/div><div class=\"stl-infobox-content_wrapper elementor-icon-box-content\"><div class=\"stl-infobox-title_wrapper\"><h3 class=\"stl-infobox_title\">Zadzwo\u0144: 797\u00a0032\u00a0622<\/h3><\/div><\/div><\/div><\/div>\t\t\t\t<\/div>\n\t\t\t\t<\/div>\n\t\t\t\t\t<\/div>\n\t\t<\/div>\n\t\t\t\t\t<\/div>\n\t\t<\/section>\n\t\t\t\t<section class=\"elementor-section elementor-top-section elementor-element elementor-element-1564dce6 elementor-section-boxed elementor-section-height-default elementor-section-height-default\" data-id=\"1564dce6\" data-element_type=\"section\">\n\t\t\t\t\t\t<div class=\"elementor-container elementor-column-gap-default\">\n\t\t\t\t\t<div class=\"elementor-column elementor-col-100 elementor-top-column elementor-element elementor-element-6c0713cb\" data-id=\"6c0713cb\" data-element_type=\"column\">\n\t\t\t<div class=\"elementor-widget-wrap\">\n\t\t\t\t\t\t\t<\/div>\n\t\t<\/div>\n\t\t\t\t\t<\/div>\n\t\t<\/section>\n\t\t\t\t<\/div>\n\t\t","protected":false},"excerpt":{"rendered":"<p>Polisa na dom lub mieszkanie Upewnij si\u0119, \u017ce Tw\u00f3j dom lub mieszkanie jest zabezpieczony Wi\u0119cej Kontakt Bezpieczny dom i mieszkanie Znajd\u017a najlepsze ubezpieczenie Domu, gara\u017cu oraz ogrodzenia \u2013 w razie po\u017caru, powodzi, kradzie\u017cy i innych zdarze\u0144 Mieszkania \u2013 w razie zalania, kradzie\u017cy i innych zdarze\u0144. Domku letniskowego \u2013 w razie zdarze\u0144 losowych i kradzie\u017cy. Dom [&hellip;]<\/p>\n","protected":false},"author":1,"featured_media":0,"parent":0,"menu_order":0,"comment_status":"closed","ping_status":"closed","template":"","meta":{"_monsterinsights_skip_tracking":false,"_monsterinsights_sitenote_active":false,"_monsterinsights_sitenote_note":"","_monsterinsights_sitenote_category":0,"footnotes":""},"class_list":["post-3116","page","type-page","status-publish","hentry"],"aioseo_notices":[],"_links":{"self":[{"href":"https:\/\/vesta-ubezpieczenia.pl\/index.php?rest_route=\/wp\/v2\/pages\/3116","targetHints":{"allow":["GET"]}}],"collection":[{"href":"https:\/\/vesta-ubezpieczenia.pl\/index.php?rest_route=\/wp\/v2\/pages"}],"about":[{"href":"https:\/\/vesta-ubezpieczenia.pl\/index.php?rest_route=\/wp\/v2\/types\/page"}],"author":[{"embeddable":true,"href":"https:\/\/vesta-ubezpieczenia.pl\/index.php?rest_route=\/wp\/v2\/users\/1"}],"replies":[{"embeddable":true,"href":"https:\/\/vesta-ubezpieczenia.pl\/index.php?rest_route=%2Fwp%2Fv2%2Fcomments&post=3116"}],"version-history":[{"count":25,"href":"https:\/\/vesta-ubezpieczenia.pl\/index.php?rest_route=\/wp\/v2\/pages\/3116\/revisions"}],"predecessor-version":[{"id":5931,"href":"https:\/\/vesta-ubezpieczenia.pl\/index.php?rest_route=\/wp\/v2\/pages\/3116\/revisions\/5931"}],"wp:attachment":[{"href":"https:\/\/vesta-ubezpieczenia.pl\/index.php?rest_route=%2Fwp%2Fv2%2Fmedia&parent=3116"}],"curies":[{"name":"wp","href":"https:\/\/api.w.org\/{rel}","templated":true}]}}