{"id":3120,"date":"2020-10-01T03:45:41","date_gmt":"2020-10-01T03:45:41","guid":{"rendered":"http:\/\/localhost:8888\/webio\/?page_id=3120"},"modified":"2026-02-28T11:42:38","modified_gmt":"2026-02-28T10:42:38","slug":"umbrella-insurance","status":"publish","type":"page","link":"https:\/\/vesta-ubezpieczenia.pl\/?page_id=3120","title":{"rendered":"Podr\u00f3\u017ce"},"content":{"rendered":"\t\t<div data-elementor-type=\"wp-page\" data-elementor-id=\"3120\" class=\"elementor elementor-3120\">\n\t\t\t\t\t\t<section class=\"elementor-section elementor-top-section elementor-element elementor-element-2c17a95b elementor-section-boxed elementor-section-height-default elementor-section-height-default\" data-id=\"2c17a95b\" data-element_type=\"section\" data-settings=\"{&quot;background_background&quot;:&quot;classic&quot;}\">\n\t\t\t\t\t\t\t<div class=\"elementor-background-overlay\"><\/div>\n\t\t\t\t\t\t\t<div class=\"elementor-container elementor-column-gap-no\">\n\t\t\t\t\t<div class=\"elementor-column elementor-col-50 elementor-top-column elementor-element elementor-element-1e7a2386\" data-id=\"1e7a2386\" data-element_type=\"column\">\n\t\t\t<div class=\"elementor-widget-wrap elementor-element-populated\">\n\t\t\t\t\t\t<div class=\"elementor-element elementor-element-5e1e2ffc elementor-widget__width-auto elementor-widget elementor-widget-text-editor\" data-id=\"5e1e2ffc\" data-element_type=\"widget\" data-widget_type=\"text-editor.default\">\n\t\t\t\t\t\t\t\t\t<p>Ubezpieczenia turystyczne<\/p>\t\t\t\t\t\t\t\t<\/div>\n\t\t\t\t<div class=\"elementor-element elementor-element-7ea6cc31 elementor-widget elementor-widget-heading\" data-id=\"7ea6cc31\" data-element_type=\"widget\" data-widget_type=\"heading.default\">\n\t\t\t\t\t<h1 class=\"elementor-heading-title elementor-size-default\">Odkrywaj \u015bwiat i ciesz si\u0119 nowymi miejscami. Nie martw si\u0119 o nic.<\/h1>\t\t\t\t<\/div>\n\t\t\t\t<div class=\"elementor-element elementor-element-241d452 elementor-align-center elementor-widget__width-auto elementor-widget-icon-box stl-icon-box elementor-widget elementor-widget-stl-button\" data-id=\"241d452\" data-element_type=\"widget\" data-widget_type=\"stl-button.default\">\n\t\t\t\t<div class=\"elementor-widget-container\">\n\t\t\t\t\t\t\t<div class=\"elementor-button-wrapper elementor-button-icon\">\n\t\t\t<a href=\"#get-started\" class=\"elementor-button-link stl-button elementor-button button-size-lg\" role=\"button\">\t\t\t\t<div class=\"button-content-wrapper elementor-align-icon-right\">\n\t\t\t\t\t<div class=\"elementor-button-wrapper elementor-button-icon stl-widget_wrapper elementor-icon-box-icon\"><div class=\"stl-widget_container\"><span class=\"stl-icon elementor-icon\" ><i class=\"icon fa fa-arrow-circle-right\"><\/i><\/span><\/div><\/div>\t\t\t\t\t<span class=\"elementor-button-text\">Wi\u0119cej<\/span>\n\t\t\t\t<\/div>\n\t\t\t\t<\/a>\n\t\t<\/div>\n\t\t\t\t\t\t<\/div>\n\t\t\t\t<\/div>\n\t\t\t\t<div class=\"elementor-element elementor-element-f380edb elementor-align-center elementor-widget__width-auto elementor-widget elementor-widget-stl-button\" data-id=\"f380edb\" data-element_type=\"widget\" data-widget_type=\"stl-button.default\">\n\t\t\t\t<div class=\"elementor-widget-container\">\n\t\t\t\t\t\t\t<div class=\"elementor-button-wrapper elementor-button-icon\">\n\t\t\t<a href=\"https:\/\/vesta-ubezpieczenia.pl\/?page_id=2944\" class=\"elementor-button-link stl-button elementor-button button-size-lg\" role=\"button\">\t\t\t\t<div class=\"button-content-wrapper \">\n\t\t\t\t\t\t\t\t\t\t<span class=\"elementor-button-text\">Kontakt<\/span>\n\t\t\t\t<\/div>\n\t\t\t\t<\/a>\n\t\t<\/div>\n\t\t\t\t\t\t<\/div>\n\t\t\t\t<\/div>\n\t\t\t\t\t<\/div>\n\t\t<\/div>\n\t\t\t\t<div class=\"elementor-column elementor-col-50 elementor-top-column elementor-element elementor-element-70030201\" data-id=\"70030201\" data-element_type=\"column\">\n\t\t\t<div class=\"elementor-widget-wrap\">\n\t\t\t\t\t\t\t<\/div>\n\t\t<\/div>\n\t\t\t\t\t<\/div>\n\t\t<\/section>\n\t\t\t\t<section class=\"elementor-section elementor-top-section elementor-element elementor-element-366d892b elementor-section-full_width elementor-section-height-default elementor-section-height-default\" data-id=\"366d892b\" data-element_type=\"section\">\n\t\t\t\t\t\t<div class=\"elementor-container elementor-column-gap-no\">\n\t\t\t\t\t<div class=\"elementor-column elementor-col-100 elementor-top-column elementor-element elementor-element-61498e4\" data-id=\"61498e4\" data-element_type=\"column\">\n\t\t\t<div class=\"elementor-widget-wrap elementor-element-populated\">\n\t\t\t\t\t\t<div class=\"elementor-element elementor-element-7152f676 elementor-widget elementor-widget-stl-clients\" data-id=\"7152f676\" data-element_type=\"widget\" data-widget_type=\"stl-clients.default\">\n\t\t\t\t<div class=\"elementor-widget-container\">\n\t\t\t\t\t<div class=\"stl-clients clearfix anim-ex_images_bg items-6\" data-carousel=\"yes\"><div class=\"stl-carousel_wrapper\"><div id=assurena_carousel_69e37c8675a17 class=\"stl-carousel pag_align_\"><div class=\"stl-carousel_slick\" data-slick='{\"slidesToShow\":6,\"slidesToScroll\":6,\"infinite\":true,\"variableWidth\":false,\"autoplay\":true,\"autoplaySpeed\":\"3000\",\"speed\":300,\"arrows\":false,\"dots\":false,\"adaptiveHeight\":false,\"responsive\":[{\"breakpoint\":1140,\"settings\":{\"slidesToShow\":4,\"slidesToScroll\":4}},{\"breakpoint\":1025,\"settings\":{\"slidesToShow\":4,\"slidesToScroll\":4}},{\"breakpoint\":768,\"settings\":{\"slidesToShow\":3,\"slidesToScroll\":3}}]}'><div class=\"clients_image\"><a class=\"image_link image_wrapper\" href=\"#\" target=\"_self\" rel=\"\"><img decoding=\"async\" class=\"main_image\" src=\"https:\/\/vesta-ubezpieczenia.pl\/wp-content\/uploads\/2026\/02\/compensa.png\" alt=\"compensa\" \/><\/a><\/div> <div class=\"clients_image\"><a class=\"image_link image_wrapper\" href=\"#\" target=\"_self\" rel=\"\"><img decoding=\"async\" class=\"main_image\" src=\"https:\/\/vesta-ubezpieczenia.pl\/wp-content\/uploads\/2026\/02\/generali.png\" alt=\"generali\" \/><\/a><\/div> <div class=\"clients_image\"><a class=\"image_link image_wrapper\" href=\"#\" target=\"_self\" rel=\"\"><img decoding=\"async\" class=\"main_image\" src=\"https:\/\/vesta-ubezpieczenia.pl\/wp-content\/uploads\/2026\/02\/interrisk-2.png\" alt=\"interrisk-2\" \/><\/a><\/div> <div class=\"clients_image\"><a class=\"image_link image_wrapper\" href=\"#\" target=\"_self\" rel=\"\"><img decoding=\"async\" class=\"main_image\" src=\"https:\/\/vesta-ubezpieczenia.pl\/wp-content\/uploads\/2026\/02\/ergo-Hestia.png\" alt=\"ergo Hestia\" \/><\/a><\/div> <div class=\"clients_image\"><a class=\"image_link image_wrapper\" href=\"#\" target=\"_self\" rel=\"\"><img decoding=\"async\" class=\"main_image\" src=\"https:\/\/vesta-ubezpieczenia.pl\/wp-content\/uploads\/2026\/02\/pzu-.png\" alt=\"pzu\" \/><\/a><\/div> <div class=\"clients_image\"><a class=\"image_link image_wrapper\" href=\"#\" target=\"_self\" rel=\"\"><img decoding=\"async\" class=\"main_image\" src=\"https:\/\/vesta-ubezpieczenia.pl\/wp-content\/uploads\/2026\/02\/warta.png\" alt=\"warta\" \/><\/a><\/div> <\/div><\/div><\/div><\/div>\t\t\t\t<\/div>\n\t\t\t\t<\/div>\n\t\t\t\t\t<\/div>\n\t\t<\/div>\n\t\t\t\t\t<\/div>\n\t\t<\/section>\n\t\t\t\t<section class=\"elementor-section elementor-top-section elementor-element elementor-element-48b2a1c elementor-section-content-middle elementor-section-boxed elementor-section-height-default elementor-section-height-default\" data-id=\"48b2a1c\" data-element_type=\"section\" id=\"get-started\">\n\t\t\t\t\t\t<div class=\"elementor-container elementor-column-gap-wider\">\n\t\t\t\t\t<div class=\"elementor-column elementor-col-50 elementor-top-column elementor-element elementor-element-4d0d44dc\" data-id=\"4d0d44dc\" data-element_type=\"column\">\n\t\t\t<div class=\"elementor-widget-wrap elementor-element-populated\">\n\t\t\t\t\t\t<div class=\"elementor-element elementor-element-2917badc elementor-widget elementor-widget-image\" data-id=\"2917badc\" data-element_type=\"widget\" data-widget_type=\"image.default\">\n\t\t\t\t\t\t\t\t\t\t\t\t\t\t\t<img fetchpriority=\"high\" decoding=\"async\" width=\"1024\" height=\"1024\" src=\"https:\/\/vesta-ubezpieczenia.pl\/wp-content\/uploads\/2026\/02\/podroze.png\" class=\"attachment-full size-full wp-image-5858\" alt=\"\" srcset=\"https:\/\/vesta-ubezpieczenia.pl\/wp-content\/uploads\/2026\/02\/podroze.png 1024w, https:\/\/vesta-ubezpieczenia.pl\/wp-content\/uploads\/2026\/02\/podroze-300x300.png 300w, https:\/\/vesta-ubezpieczenia.pl\/wp-content\/uploads\/2026\/02\/podroze-150x150.png 150w, https:\/\/vesta-ubezpieczenia.pl\/wp-content\/uploads\/2026\/02\/podroze-768x768.png 768w, https:\/\/vesta-ubezpieczenia.pl\/wp-content\/uploads\/2026\/02\/podroze-440x440.png 440w, https:\/\/vesta-ubezpieczenia.pl\/wp-content\/uploads\/2026\/02\/podroze-180x180.png 180w, https:\/\/vesta-ubezpieczenia.pl\/wp-content\/uploads\/2026\/02\/podroze-120x120.png 120w, https:\/\/vesta-ubezpieczenia.pl\/wp-content\/uploads\/2026\/02\/podroze-540x540.png 540w, https:\/\/vesta-ubezpieczenia.pl\/wp-content\/uploads\/2026\/02\/podroze-240x240.png 240w\" sizes=\"(max-width: 1024px) 100vw, 1024px\" \/>\t\t\t\t\t\t\t\t\t\t\t\t\t\t\t<\/div>\n\t\t\t\t\t<\/div>\n\t\t<\/div>\n\t\t\t\t<div class=\"elementor-column elementor-col-50 elementor-top-column elementor-element elementor-element-5b21d152\" data-id=\"5b21d152\" data-element_type=\"column\">\n\t\t\t<div class=\"elementor-widget-wrap elementor-element-populated\">\n\t\t\t\t\t\t<div class=\"elementor-element elementor-element-4fec2e53 elementor-widget elementor-widget-heading\" data-id=\"4fec2e53\" data-element_type=\"widget\" data-widget_type=\"heading.default\">\n\t\t\t\t\t<h6 class=\"elementor-heading-title elementor-size-default\">Polisy turystyczne<\/h6>\t\t\t\t<\/div>\n\t\t\t\t<div class=\"elementor-element elementor-element-11362d15 elementor-widget elementor-widget-heading\" data-id=\"11362d15\" data-element_type=\"widget\" data-widget_type=\"heading.default\">\n\t\t\t\t\t<h2 class=\"elementor-heading-title elementor-size-default\"><span>Bezpiecze\u0144stwo <\/span><br>w ka\u017cdym zak\u0105tku \u015bwiata<\/h2>\t\t\t\t<\/div>\n\t\t\t\t<div class=\"elementor-element elementor-element-248651d4 elementor-widget elementor-widget-text-editor\" data-id=\"248651d4\" data-element_type=\"widget\" data-widget_type=\"text-editor.default\">\n\t\t\t\t\t\t\t\t\t<p>Ubezpieczenie za granic\u0105 \u2013 pokrycie koszt\u00f3w leczenia i pomoc za granic\u0105 m.in. w przypadku nag\u0142ej choroby, leczenie nast\u0119pstw choroby przewlek\u0142ej, z\u0142amania, zwichni\u0119cia, utrata baga\u017cu, itp.<\/p><p>Ubezpieczenie od NNW w Polce \u2013 odszkodowania w przypadku m.in. z\u0142ama\u0144, zwichni\u0119\u0107, kontuzji powoduj\u0105cych trwa\u0142y uszczerbek na zdrowiu, utraty baga\u017cu, pokrycie koszt\u00f3w szk\u00f3d.<\/p><p>Ubezpieczenie koszt\u00f3w odwo\u0142ania podr\u00f3\u017cy \u2013 zwrot koszt\u00f3w podr\u00f3\u017cy<\/p>\t\t\t\t\t\t\t\t<\/div>\n\t\t\t\t<div class=\"elementor-element elementor-element-7ea5bd47 elementor-position-left elementor-widget-icon-box stl-icon-box elementor-view-default aleft elementor-widget elementor-widget-stl-info-box\" data-id=\"7ea5bd47\" data-element_type=\"widget\" data-widget_type=\"stl-info-box.default\">\n\t\t\t\t<div class=\"elementor-widget-container\">\n\t\t\t\t\t<div class=\"stl-infobox\"><div class=\"stl-infobox_wrapper elementor-icon-box-wrapper\"><div class=\"stl-infobox-icon_wrapper elementor-icon-box-icon\"><div class=\"stl-infobox-icon_container\"><span class=\"stl-icon elementor-icon elementor-animation-\" ><i class=\"icon fa fa-phone-square\"><\/i><\/span><\/div><\/div><div class=\"stl-infobox-content_wrapper elementor-icon-box-content\"><div class=\"stl-infobox-title_wrapper\"><h3 class=\"stl-infobox_title\">Zadzwo\u0144: 797\u00a0032\u00a0622<\/h3><\/div><\/div><\/div><\/div>\t\t\t\t<\/div>\n\t\t\t\t<\/div>\n\t\t\t\t\t<\/div>\n\t\t<\/div>\n\t\t\t\t\t<\/div>\n\t\t<\/section>\n\t\t\t\t<\/div>\n\t\t","protected":false},"excerpt":{"rendered":"<p>Ubezpieczenia turystyczne Odkrywaj \u015bwiat i ciesz si\u0119 nowymi miejscami. Nie martw si\u0119 o nic. Wi\u0119cej Kontakt Polisy turystyczne Bezpiecze\u0144stwo w ka\u017cdym zak\u0105tku \u015bwiata Ubezpieczenie za granic\u0105 \u2013 pokrycie koszt\u00f3w leczenia i pomoc za granic\u0105 m.in. w przypadku nag\u0142ej choroby, leczenie nast\u0119pstw choroby przewlek\u0142ej, z\u0142amania, zwichni\u0119cia, utrata baga\u017cu, itp. Ubezpieczenie od NNW w Polce \u2013 odszkodowania [&hellip;]<\/p>\n","protected":false},"author":1,"featured_media":0,"parent":0,"menu_order":0,"comment_status":"closed","ping_status":"closed","template":"","meta":{"_monsterinsights_skip_tracking":false,"_monsterinsights_sitenote_active":false,"_monsterinsights_sitenote_note":"","_monsterinsights_sitenote_category":0,"footnotes":""},"class_list":["post-3120","page","type-page","status-publish","hentry"],"aioseo_notices":[],"_links":{"self":[{"href":"https:\/\/vesta-ubezpieczenia.pl\/index.php?rest_route=\/wp\/v2\/pages\/3120","targetHints":{"allow":["GET"]}}],"collection":[{"href":"https:\/\/vesta-ubezpieczenia.pl\/index.php?rest_route=\/wp\/v2\/pages"}],"about":[{"href":"https:\/\/vesta-ubezpieczenia.pl\/index.php?rest_route=\/wp\/v2\/types\/page"}],"author":[{"embeddable":true,"href":"https:\/\/vesta-ubezpieczenia.pl\/index.php?rest_route=\/wp\/v2\/users\/1"}],"replies":[{"embeddable":true,"href":"https:\/\/vesta-ubezpieczenia.pl\/index.php?rest_route=%2Fwp%2Fv2%2Fcomments&post=3120"}],"version-history":[{"count":25,"href":"https:\/\/vesta-ubezpieczenia.pl\/index.php?rest_route=\/wp\/v2\/pages\/3120\/revisions"}],"predecessor-version":[{"id":5925,"href":"https:\/\/vesta-ubezpieczenia.pl\/index.php?rest_route=\/wp\/v2\/pages\/3120\/revisions\/5925"}],"wp:attachment":[{"href":"https:\/\/vesta-ubezpieczenia.pl\/index.php?rest_route=%2Fwp%2Fv2%2Fmedia&parent=3120"}],"curies":[{"name":"wp","href":"https:\/\/api.w.org\/{rel}","templated":true}]}}